{"id":1154,"date":"2022-03-30T14:39:08","date_gmt":"2022-03-30T14:39:08","guid":{"rendered":"https:\/\/storycenter.info\/?page_id=1154"},"modified":"2022-04-06T09:47:43","modified_gmt":"2022-04-06T09:47:43","slug":"modszer-es-szolgaltatasaink","status":"publish","type":"page","link":"https:\/\/storycenter.info\/en\/modszer-es-szolgaltatasaink\/","title":{"rendered":"A m\u00f3dszer \u00e9s szolg\u00e1ltat\u00e1saink"},"content":{"rendered":"<div      class=\"vc_row wpb_row section vc_row-fluid  partners_header vc_custom_1649238285539 grid_section\" style='background-color:#2f2f2f; text-align:left;'><div class=\" section_inner clearfix\"><div class='section_inner_margin clearfix'><div class=\"wpb_column vc_column_container vc_col-sm-8\"><div class=\"vc_column-inner\"><div class=\"wpb_wrapper\">\n\t<div class=\"wpb_text_column wpb_content_element  vc_custom_1649238305409\">\n\t\t<div class=\"wpb_wrapper\">\n\t\t\t<h1 class=\"underline_yellow\"><span style=\"color: #ffffff;\">Tools<\/span><\/h1>\n\n\t\t<\/div> \n\t<\/div> <\/div><\/div><\/div><div class=\"wpb_column vc_column_container vc_col-sm-4\"><div class=\"vc_column-inner\"><div class=\"wpb_wrapper\">\n\t<div class=\"wpb_text_column wpb_content_element  tools_hu_menu vc_custom_1649237746875\">\n\t\t<div class=\"wpb_wrapper\">\n\t\t\t<ul>\n<li class=\"tools_menu\" style=\"text-align: left;\"><span style=\"color: #fcfcfc;\"><strong><a style=\"color: #fcfcfc;\" href=\"#tortenet\"> A digit\u00e1lis t\u00f6rt\u00e9netmes\u00e9l\u00e9s t\u00f6rt\u00e9nete<\/a><\/strong><\/span><\/li>\n<li class=\"tools_menu\" style=\"text-align: left;\"><span style=\"color: #fcfcfc;\"><strong><a style=\"color: #fcfcfc;\" href=\"#mirehasznalhato\">Mire haszn\u00e1lhat\u00f3?<\/a><\/strong><\/span><\/li>\n<li class=\"tools_menu\" style=\"text-align: left;\"><span style=\"color: #fcfcfc;\"><a class=\"anchor\" style=\"color: #fcfcfc;\" href=\"#szolgaltatasaink\"><strong>Szolg\u00e1ltat\u00e1saink<\/strong><\/a><\/span><\/li>\n<\/ul>\n<ul>\n<li class=\"tools_menu\" style=\"text-align: left;\"><span style=\"color: #fcfcfc;\"><a class=\"anchor\" style=\"color: #fcfcfc;\" href=\"#tobb\"><strong>M\u00e9g t\u00f6bb a digit\u00e1lis t\u00f6rt\u00e9netmes\u00e9l\u00e9sr\u0151l<\/strong><\/a><\/span><\/li>\n<\/ul>\n\n\t\t<\/div> \n\t<\/div> <\/div><\/div><\/div><\/div><\/div><\/div><div      class=\"vc_row wpb_row section vc_row-fluid  vc_custom_1633340124255 grid_section\" style=' text-align:left;'><div class=\" section_inner clearfix\"><div class='section_inner_margin clearfix'><div class=\"wpb_column vc_column_container vc_col-sm-12\"><div class=\"vc_column-inner\"><div class=\"wpb_wrapper\"><div id=\"tortenet\"  data-q_id=\"#tortenet\"    class=\"vc_row wpb_row section vc_row-fluid vc_inner  tools_title_left\" style='background-color:#f1c616; text-align:left;'><div class=\" full_section_inner clearfix\"><div class=\"wpb_column vc_column_container vc_col-sm-12\"><div class=\"vc_column-inner\"><div class=\"wpb_wrapper\">\n\t<div class=\"wpb_text_column wpb_content_element  digitort_plain_text\">\n\t\t<div class=\"wpb_wrapper\">\n\t\t\t<h3 style=\"text-align: left;\"><span style=\"color: #2f2f2f;\"><strong> A digit\u00e1lis t\u00f6rt\u00e9netmes\u00e9l\u00e9s t\u00f6rt\u00e9nete<\/strong><\/span><\/h3>\n\n\t\t<\/div> \n\t<\/div> <\/div><\/div><\/div><\/div><\/div><div      class=\"vc_row wpb_row section vc_row-fluid vc_inner  vc_custom_1531587732597\" style='background-color:#ededed; text-align:left;'><div class=\" full_section_inner clearfix\"><div class=\"wpb_column vc_column_container vc_col-sm-12\"><div class=\"vc_column-inner\"><div class=\"wpb_wrapper\">\n\t<div class=\"wpb_text_column wpb_content_element  digitort_plain_text\">\n\t\t<div class=\"wpb_wrapper\">\n\t\t\t<p>Az 1970-es, 80-as \u00e9vekben az Egyes\u00fclt \u00c1llamokban sz\u00e1mos olyan, f\u0151k\u00e9nt m\u0171v\u00e9szeti k\u00eds\u00e9rletez\u00e9s zajlott, amely az \u00e9vsz\u00e1zadok \u00f3ta megl\u00e9v\u0151 t\u00f6rt\u00e9netmes\u00e9l\u00e9s hagyom\u00e1ny\u00e1ra \u00e9p\u00fclt. A vizu\u00e1lis t\u00f6rt\u00e9netmes\u00e9l\u00e9s szem\u00e9lyes hangv\u00e9tel\u00e9vel, a mindennapi emberek t\u00f6rt\u00e9net\u00e9vel nagyobb k\u00f6z\u00f6ns\u00e9get tudott megsz\u00f3l\u00edtani. \u00cdgy hamar a vizu\u00e1lis m\u0171v\u00e9szeti, majd egy\u00e9b ter\u00fcletek oktat\u00e1s\u00e1nak r\u00e9sze lett a hagyom\u00e1nyos, szem\u00e9lyes elbesz\u00e9l\u00e9st a kort\u00e1rs technik\u00e1kkal \u00f6tv\u00f6z\u0151 m\u00f3dszer.<\/p>\n<p>Az eleinte v\u00e1ndorsz\u00ednh\u00e1zi performance-okon, majd a telev\u00edzi\u00f3ban is megjelen\u0151, szem\u00e9lyes hangv\u00e9tel\u0171 \u00fczenetekkel, a \u201evideo postcard\u201d-okkal a n\u00e9z\u0151k k\u00f6nnyen tudtak azonosulni, esz\u00fckbe jutottak r\u00f3luk saj\u00e1t t\u00f6rt\u00e9neteik, \u00edgy a m\u0171faj hamar n\u00e9pszer\u0171 lett. Az oktat\u00e1s k\u00fcl\u00f6nb\u00f6z\u0151 ter\u00fcletei is egyre jobban kezdt\u00e9k haszn\u00e1lni.<\/p>\n<p>Az els\u0151 \u00e9vtizedekben csak nagy technikai appar\u00e1tus mozgat\u00e1s\u00e1val l\u00e9trej\u00f6v\u0151 szem\u00e9lyes \u00fczenetek, kisfilmek elk\u00e9sz\u00edt\u00e9se a digit\u00e1lis technik\u00e1k robban\u00e1sszer\u0171 elterjed\u00e9s\u00e9vel m\u00e9g jobban el\u00e9rhet\u0151 lett. \u00cdgy egyre sz\u00e9lesebb k\u00f6z\u00f6ns\u00e9get lehetett bevonni a k\u00e9sz\u00edt\u00e9s folyamat\u00e1ba. 1993-ban San Francisc\u00f3ban, az Amerikai Filmint\u00e9zet keretein bel\u00fcl szervezt\u00e9k meg az els\u0151 \u201eszem\u00e9lyes narrat\u00edv\u00e1j\u00fa kisfilm k\u00e9sz\u00edt\u0151\u201d szemin\u00e1riumot. Ugyanott, egy \u00e9vvel k\u00e9s\u0151bb j\u00f6tt l\u00e9tre a <a title=\"Center for Digital Storytelling\" href=\"http:\/\/www.storycenter.org\/\">Center for Digital Storytelling<\/a>, amely k\u00f6zpont az\u00f3ta is rendszeresen szervez \u00e1ltal\u00e1nos \u00e9s specializ\u00e1lt szemin\u00e1riumokat.<\/p>\n<p>Eur\u00f3p\u00e1ban \u201ehivatalosan\u201d 2003 \u00f3ta honosodott meg a m\u00f3dszer, amikor is a BBC Wales region\u00e1lis telev\u00edzi\u00f3s t\u00e1rsas\u00e1g a k\u00fcl\u00f6nb\u00f6z\u0151, t\u00f6bb helyen m\u0171k\u00f6d\u0151 digit\u00e1lis t\u00f6rt\u00e9netmes\u00e9l\u0151 kurzusok tapasztalataira \u00e9p\u00edtve saj\u00e1t programot, k\u00f6zpontot ind\u00edtott el. A nagyszab\u00e1s\u00fa \u00e9s sok emberhez eljut\u00f3 \u2013 a telev\u00edzi\u00f3ban minden este egy-egy, a r\u00e9gi\u00f3hoz k\u00f6thet\u0151 szem\u00e9lyes digit\u00e1lis t\u00f6rt\u00e9netet l\u00e1thatott a n\u00e9z\u0151 \u2013 projekt siker\u00e9nek hat\u00e1s\u00e1ra sz\u00e1mos oktat\u00e1si, k\u00e9pz\u00e9si, eg\u00e9szs\u00e9gfejleszt\u00e9si, k\u00f6z\u00f6ss\u00e9gi ter\u00fcleten ind\u00edtottak hasonl\u00f3 programokat, \u00edgy m\u00e1ra Wales lett a digit\u00e1lis t\u00f6rt\u00e9netmes\u00e9l\u00e9s eur\u00f3pai k\u00f6zpontja.<\/p>\n<p>Az egyes orsz\u00e1gok \u00e9s int\u00e9zm\u00e9nyek k\u00fcl\u00f6nb\u00f6z\u0151k\u00e9ppen \u00e9rtelmezik \u00e9s haszn\u00e1lj\u00e1k a digit\u00e1lis t\u00f6rt\u00e9netmes\u00e9l\u00e9st. Ezek bemutat\u00e1s\u00e1ra \u00e9s megvitat\u00e1s\u00e1ra \u00e9vente rendeznek fesztiv\u00e1lt Wales-ben, illetve p\u00e1r \u00e9vente nemzetk\u00f6zi konferenci\u00e1kat k\u00fcl\u00f6nb\u00f6z\u0151 orsz\u00e1gokban.<\/p>\n<p>Az <a title=\"Mit k\u00edn\u00e1lunk?\" href=\"http:\/\/digitalistortenetmeseles.hu\/mit-kinalunk\/\">\u00e1ltalunk haszn\u00e1lt m\u00f3dszer <\/a>alapvet\u0151en a Wales-i Yale College, Wrexham m\u00f3dszer\u00e9t \u00e9s programj\u00e1t veszi alapul.<\/p>\n\n\t\t<\/div> \n\t<\/div> <\/div><\/div><\/div><\/div><\/div><\/div><\/div><\/div><\/div><\/div><\/div><div id=\"mirehasznalhato\"  data-q_id=\"#mirehasznalhato\"    class=\"vc_row wpb_row section vc_row-fluid  vc_custom_1648652222625 grid_section\" style=' text-align:left;'><div class=\" section_inner clearfix\"><div class='section_inner_margin clearfix'><div class=\"wpb_column vc_column_container vc_col-sm-12\"><div class=\"vc_column-inner\"><div class=\"wpb_wrapper\"><div   data-q_id=\"#guidelines\"    class=\"vc_row wpb_row section vc_row-fluid vc_inner  tools_title_left\" style='background-color:#2f2f2f; text-align:left;'><div class=\" full_section_inner clearfix\"><div class=\"wpb_column vc_column_container vc_col-sm-12\"><div class=\"vc_column-inner\"><div class=\"wpb_wrapper\">\n\t<div class=\"wpb_text_column wpb_content_element  vc_custom_1649238372953\">\n\t\t<div class=\"wpb_wrapper\">\n\t\t\t<h3 style=\"text-align: left;\"><span style=\"color: #f2f2f2;\"><strong>Mire haszn\u00e1lhat\u00f3?<\/strong><\/span><\/h3>\n\n\t\t<\/div> \n\t<\/div> <\/div><\/div><\/div><\/div><\/div><div      class=\"vc_row wpb_row section vc_row-fluid vc_inner  vc_custom_1531587732597\" style='background-color:#ededed; text-align:left;'><div class=\" full_section_inner clearfix\"><div class=\"wpb_column vc_column_container vc_col-sm-12\"><div class=\"vc_column-inner\"><div class=\"wpb_wrapper\">\n\t<div class=\"wpb_text_column wpb_content_element  digitort_plain_text\">\n\t\t<div class=\"wpb_wrapper\">\n\t\t\t<h4>Mit jelent?<\/h4>\n<p>A digit\u00e1lis t\u00f6rt\u00e9netmes\u00e9l\u00e9s egy <strong>m\u00f3dszer<\/strong>, amely seg\u00edt \u00f6nmagunkra, a t\u00f6rt\u00e9net\u00fcnkre koncentr\u00e1lni, azt szavakba \u00f6nteni, dramatiz\u00e1lni \u00e9s f\u00e9nyk\u00e9pek seg\u00edts\u00e9g\u00e9vel m\u00e1sok sz\u00e1m\u00e1ra is elmes\u00e9lni.<\/p>\n<p>A m\u0171helymunka csoportban zajlik, a r\u00e9sztvev\u0151k egym\u00e1ssal osztj\u00e1k meg t\u00f6rt\u00e9neteiket, egy\u00fctt \u00e9lik \u00e1t a t\u00f6rt\u00e9net l\u00e9trehoz\u00e1s\u00e1nak \u00e9s megoszt\u00e1s\u00e1nak \u00e9lm\u00e9ny\u00e9t. A k\u00f6z\u00f6s \u00e9lm\u00e9ny er\u0151s csoportkoh\u00e9zi\u00f3t k\u00e9pez a r\u00e9sztvev\u0151k k\u00f6z\u00f6tt.<\/p>\n<p>A digit\u00e1lis t\u00f6rt\u00e9netmes\u00e9l\u00e9ssel a mes\u00e9l\u0151 szem\u00e9lyes \u00e9lm\u00e9ny\u00e9t dolgozza fel a f\u00e9nyk\u00e9pei seg\u00edts\u00e9g\u00e9vel. A folyamat v\u00e9geredm\u00e9nye egy saj\u00e1t hanggal k\u00eds\u00e9rt, szem\u00e9lyes k\u00e9pekre \u00e9p\u00fcl\u0151 <strong>kisfilm.<\/strong><\/p>\n<p>A <strong>digit\u00e1lis t\u00f6rt\u00e9netmes\u00e9l\u00e9s<\/strong> folyamata:<\/p>\n<ul>\n<li><em>Megtal\u00e1lni<\/em> \u2013 a sz\u00e1munkra fontos t\u00f6rt\u00e9netet<\/li>\n<li><em>Elmes\u00e9lni<\/em> \u2013 saj\u00e1t szavainkkal \u00e9s f\u00e9nyk\u00e9peinkkel<\/li>\n<li><em>Megosztani<\/em> \u2013 egym\u00e1ssal vagy az interneten kereszt\u00fcl b\u00e1rkivel<\/li>\n<\/ul>\n<p>&nbsp;<\/p>\n<hr \/>\n<h2><\/h2>\n<p>&nbsp;<\/p>\n<h4>Mire haszn\u00e1lhat\u00f3?<\/h4>\n<p>A digit\u00e1lis t\u00f6rt\u00e9netmes\u00e9l\u00e9s lehet\u0151s\u00e9get ad a r\u00e9sztvev\u0151knek, hogy jobban megismerj\u00e9k \u00f6nmagukat, m\u00e1s oldalukr\u00f3l egym\u00e1st. Fejleszti az kreativit\u00e1st \u00e9s az \u00f6nkifejez\u00e9st. A m\u0171helymunka sor\u00e1n megszerzett ismeretek (pl. v\u00e1g\u00f3rpogram kezel\u00e9se) tov\u00e1bbi hasznos\u00edt\u00e1s\u00e1nak csak a r\u00e9sztvev\u0151k fant\u00e1zi\u00e1ja szab hat\u00e1rt.<\/p>\n<ul>\n<li>Oktat\u00e1s (form\u00e1lis, non-form\u00e1lis): digit\u00e1lis, szoci\u00e1lis, nyelvi, eszt\u00e9tikai-m\u0171v\u00e9szeti tudatoss\u00e1gra \u00e9s kifejez\u0151k\u00e9pess\u00e9gre ir\u00e1nyul\u00f3 kompetenciafejleszt\u00e9s<\/li>\n<li>M\u0171v\u00e9szeti k\u00e9pz\u00e9s, m\u00fazeumpedag\u00f3gia<\/li>\n<li>K\u00f6z\u00f6ss\u00e9g\u00e9p\u00edt\u00e9s<\/li>\n<li>Helyt\u00f6rt\u00e9net, t\u00e1rsadalmi kutat\u00e1s, eml\u00e9kezetkutat\u00e1s, \u201eoral history\u201d<\/li>\n<li>Eg\u00e9szs\u00e9gfejleszt\u00e9s<\/li>\n<li>Nemzetk\u00f6zi fejleszt\u00e9s, \u00fczleti szf\u00e9ra, t\u00e1rsadalmi felel\u0151ss\u00e9gv\u00e1llal\u00e1s<\/li>\n<li>Egy\u00e9ni felhaszn\u00e1l\u00e1s, \u00f6nismeret-fejleszt\u00e9s<\/li>\n<li>Kreativit\u00e1s fejleszt\u00e9se<\/li>\n<\/ul>\n\n\t\t<\/div> \n\t<\/div> <\/div><\/div><\/div><\/div><\/div><\/div><\/div><\/div><\/div><\/div><\/div><div id=\"szolgaltatasaink\"  data-q_id=\"#szolgaltatasaink\"    class=\"vc_row wpb_row section vc_row-fluid  vc_custom_1648652774308 grid_section\" style=' text-align:left;'><div class=\" section_inner clearfix\"><div class='section_inner_margin clearfix'><div class=\"wpb_column vc_column_container vc_col-sm-12\"><div class=\"vc_column-inner\"><div class=\"wpb_wrapper\"><div   data-q_id=\"#introduction\"    class=\"vc_row wpb_row section vc_row-fluid vc_inner  tools_title_left\" style='background-color:#f0c516; text-align:left;'><div class=\" full_section_inner clearfix\"><div class=\"wpb_column vc_column_container vc_col-sm-12\"><div class=\"vc_column-inner\"><div class=\"wpb_wrapper\">\n\t<div class=\"wpb_text_column wpb_content_element  vc_custom_1649238440575\">\n\t\t<div class=\"wpb_wrapper\">\n\t\t\t<h3 style=\"text-align: left;\"><strong>Szolg\u00e1ltat\u00e1saink<\/strong><\/h3>\n\n\t\t<\/div> \n\t<\/div> <\/div><\/div><\/div><\/div><\/div><div      class=\"vc_row wpb_row section vc_row-fluid vc_inner  vc_custom_1531587732597\" style='background-color:#ededed; text-align:left;'><div class=\" full_section_inner clearfix\"><div class=\"wpb_column vc_column_container vc_col-sm-12\"><div class=\"vc_column-inner\"><div class=\"wpb_wrapper\">\n\t<div class=\"wpb_text_column wpb_content_element  digitort_plain_text\">\n\t\t<div class=\"wpb_wrapper\">\n\t\t\t<h4>Mit k\u00edn\u00e1lunk?<\/h4>\n<p>Szakembereink seg\u00edts\u00e9g\u00e9vel olyan kis l\u00e9tsz\u00e1m\u00fa (6-8 f\u0151) tr\u00e9ningeket, szemin\u00e1riumokat szervez\u00fcnk, amelyeken a di\u00e1k vagy feln\u0151tt r\u00e9sztvev\u0151k:<\/p>\n<ul>\n<li>megismerik a digit\u00e1lis t\u00f6rt\u00e9netmes\u00e9l\u00e9s m\u00f3dszer\u00e9t<\/li>\n<li>seg\u00edts\u00e9get kapnak saj\u00e1t t\u00f6rt\u00e9neteik megtal\u00e1l\u00e1s\u00e1hoz \u00e9s fel\u00e9p\u00edt\u00e9s\u00e9hez<\/li>\n<li>technikai bevezet\u0151t kapnak a kisfilmek elk\u00e9sz\u00edt\u00e9s\u00e9nek m\u00f3dj\u00e1r\u00f3l<\/li>\n<li>elk\u00e9sz\u00edtik kisfilmjeiket<\/li>\n<li>megosztj\u00e1k egym\u00e1ssal digit\u00e1lis t\u00f6rt\u00e9neteiket<\/li>\n<\/ul>\n<p>&nbsp;<\/p>\n<hr \/>\n<p>&nbsp;<\/p>\n<p>&nbsp;<\/p>\n<p>Alapszemin\u00e1riumaink mellett egyedi ig\u00e9nyeknek megfelel\u0151 id\u0151beoszt\u00e1s\u00fa \u00e9s \u00f6ssze\u00e1ll\u00edt\u00e1s\u00fa kurzusokat szervez\u00fcnk budapesti k\u00f6zpontunkban vagy b\u00e1rhol az orsz\u00e1gban.<\/p>\n<p>&nbsp;<\/p>\n<h4>A k\u00e9pz\u00e9sek elemei<\/h4>\n<h5>Bevezet\u00e9s<\/h5>\n<p>Filmek seg\u00edts\u00e9g\u00e9vel megismerked\u00e9s a digit\u00e1lis t\u00f6rt\u00e9netmes\u00e9l\u00e9ssel, felk\u00e9sz\u00fcl\u00e9s a szemin\u00e1riumra.<\/p>\n<p>&nbsp;<\/p>\n<h5>J\u00e9gt\u00f6r\u0151 j\u00e1t\u00e9k<\/h5>\n<p>Ig\u00e9ny szerint a k\u00f6z\u00f6s munka elej\u00e9n a r\u00e9sztvev\u0151k egy r\u00f6vid, j\u00e1t\u00e9kos program sor\u00e1n jobban megismerhetik egym\u00e1st, ezzel j\u00f3l oldhat\u00f3 a l\u00e9gk\u00f6r.<\/p>\n<p>&nbsp;<\/p>\n<h5>T\u00f6rt\u00e9netmes\u00e9l\u0151 k\u00f6r<\/h5>\n<p>Ez a szint\u00e9n j\u00e1t\u00e9kos form\u00e1ban megval\u00f3sul\u00f3 munkaf\u00e1zis legink\u00e1bb abb\u00f3l a szempontb\u00f3l fontos, hogy a mes\u00e9l\u0151k egy olyan, egym\u00e1st t\u00e1mogat\u00f3, bizalmas k\u00f6rt alkossanak, amelyben felt\u00e1rulhat a t\u00f6rt\u00e9netmes\u00e9l\u00e9s bels\u0151 vil\u00e1ga. A t\u00f6rt\u00e9netmes\u00e9l\u0151 k\u00f6r c\u00e9lja, hogy a v\u00e9g\u00e9re a r\u00e9sztvev\u0151k sz\u00e1m\u00e1ra megfogalmaz\u00f3djon egy elmes\u00e9lend\u0151 t\u00f6rt\u00e9net v\u00e1zlata, amelyet ut\u00e1na t\u00f6rt\u00e9nett\u00e9 \u00edrhatnak, majd hangfelv\u00e9telen r\u00f6gz\u00edthetnek.<\/p>\n<p>&nbsp;<\/p>\n<h5>Script \u00e9s storyboard<\/h5>\n<p>A t\u00f6rt\u00e9netmes\u00e9l\u0151k meghat\u00e1rozott szempontrendszer alapj\u00e1n \u00e9s ig\u00e9ny szerint k\u00fcls\u0151 seg\u00edts\u00e9ggel meg\u00edrj\u00e1k az \u00e1ltaluk elmond\u00e1sra ker\u00fcl\u0151 t\u00f6rt\u00e9netet, illetve elk\u00e9sz\u00edtik a digit\u00e1lis kisfilm forgat\u00f3k\u00f6nyv\u00e9\u00fcl szolg\u00e1l\u00f3 \u00fagynevezett storyboardot.<\/p>\n<p>&nbsp;<\/p>\n<h5>Hang- \u00e9s f\u00e9nyk\u00e9pr\u00f6gz\u00edt\u00e9s<\/h5>\n<p>A mes\u00e9l\u0151 felolvassa t\u00f6rt\u00e9net\u00e9t, amely digit\u00e1lisan r\u00f6gz\u00edt\u00e9sre ker\u00fcl. Ez k\u00e9pezi a film narrat\u00edv alapj\u00e1t. Feldolgoz\u00e1sra ker\u00fclnek tov\u00e1bb\u00e1 a filmben haszn\u00e1lt f\u00e9nyk\u00e9pek (digit\u00e1lis f\u00e9nyk\u00e9pek \u00f6sszerendez\u00e9se, hagyom\u00e1nyos pap\u00edralap\u00fa k\u00e9pek beszkennel\u00e9se).<\/p>\n<p>&nbsp;<\/p>\n<h5>Technikai ismeretek<\/h5>\n<p><em>(nem r\u00e9sze a mini tr\u00e9ningnek)<\/em><br \/>\nA r\u00e9sztvev\u0151k \u00e1ltal\u00e1nos, alapszint\u0171 bevezet\u0151t kapnak a sz\u00e1m\u00edt\u00f3g\u00e9pes k\u00e9p- \u00e9s hangszerkeszt\u00e9sr\u0151l (edit\u00e1l\u00e1s), illetve megismerik a szemin\u00e1riumon haszn\u00e1lt videoszerkeszt\u0151 szoftver alapsz\u00ednt\u0171 haszn\u00e1lat\u00e1t.<\/p>\n<p>&nbsp;<\/p>\n<h5>Szerkeszt\u00e9s<\/h5>\n<p><em>(nem r\u00e9sze a mini tr\u00e9ningnek)<\/em><br \/>\nA r\u00e9sztvev\u0151k, ig\u00e9ny szerinti seg\u00edts\u00e9ggel, elk\u00e9sz\u00edtik saj\u00e1t digit\u00e1lis t\u00f6rt\u00e9net\u00fcket: megszerkesztik a hangot, hozz\u00e1illesztik a megfelel\u0151 f\u00e9nyk\u00e9peket, feliratot k\u00e9sz\u00edtenek, sz\u00fcks\u00e9g szerint manipul\u00e1lnak egyes k\u00e9peket, majd lez\u00e1rj\u00e1k a szerkeszt\u00e9s folyamat\u00e1t.<\/p>\n<p>(A mini tr\u00e9ning r\u00e9sztvev\u0151inek digit\u00e1lis t\u00f6rt\u00e9net\u00e9t a storyboard alapj\u00e1n munkat\u00e1rsaink k\u00e9sz\u00edtik el.)<\/p>\n<p>&nbsp;<\/p>\n<h5>Bemutat\u00e1s<\/h5>\n<p>A szemin\u00e1rium r\u00e9sztvev\u0151inek fontos \u00e9lm\u00e9ny saj\u00e1t filmj\u00fck k\u00f6z\u00f6s bemutat\u00e1sa, illetve a t\u00f6bbiek filmj\u00e9nek megtekint\u00e9se. A r\u00e9sztvev\u0151k ki\u00e9rt\u00e9kelhetik, k\u00f6tetlen\u00fcl megbesz\u00e9lhetik tapasztalataikat, \u00e9szrev\u00e9teleiket.<\/p>\n<p>Az elk\u00e9sz\u00fclt filmek a www.digitalistortenetmeseles.hu arch\u00edvum\u00e1ba ker\u00fclnek, azok nyilv\u00e1nos hozz\u00e1f\u00e9rhet\u0151s\u00e9g\u00e9r\u0151l azonban k\u00e9sz\u00edt\u0151ik rendelkeznek.<\/p>\n<p>&nbsp;<\/p>\n<p>&nbsp;<\/p>\n<hr \/>\n<h4><\/h4>\n<h4>K\u00e9pz\u00e9sek t\u00edpusai<\/h4>\n<p>&nbsp;<\/p>\n<h5><span class=\"s1\">Akkredit\u00e1lt k\u00e9pz\u00e9s (30 \u00f3ra) <\/span><\/h5>\n<p><span class=\"s1\">Az akkredit\u00e1lt tan\u00e1r-tov\u00e1bbk\u00e9pz\u00e9s elv\u00e9gz\u00e9s\u00e9t k\u00f6vet\u0151en a r\u00e9sztvev\u0151k k\u00e9pesek lesznek a m\u00f3dszer iskolai alkalmaz\u00e1s\u00e1ra.<\/span><\/p>\n<p>&nbsp;<\/p>\n<h5>Intenz\u00edv k\u00e9pz\u00e9s (22 \u00f3ra)<\/h5>\n<p>Egy r\u00f6vid bevezet\u0151 alkalom ut\u00e1n intenz\u00edv 3 napos munka<\/p>\n<p>&nbsp;<\/p>\n<h5>Heti lebont\u00e1s\u00fa, norm\u00e1l k\u00e9pz\u00e9s (24 \u00f3ra)<\/h5>\n<p>Heti rendszeres id\u0151pontokban, 4-5 \u00f3r\u00e1s alkalmak egy h\u00f3napon kereszt\u00fcl<\/p>\n<p>&nbsp;<\/p>\n<h5>Mini tr\u00e9ning (13 \u00f3ra)<\/h5>\n<p>Egy r\u00f6vid bevezet\u0151 alkalom ut\u00e1n egynapos intenz\u00edv k\u00e9pz\u00e9s technikai oktat\u00e1s n\u00e9lk\u00fcl (a kisfilmeket munkat\u00e1rsaink k\u00e9sz\u00edtik el)<\/p>\n\n\t\t<\/div> \n\t<\/div> <\/div><\/div><\/div><\/div><\/div><\/div><\/div><\/div><\/div><\/div><\/div><div      class=\"vc_row wpb_row section vc_row-fluid  vc_custom_1633340655224 grid_section\" style=' text-align:left;'><div class=\" section_inner clearfix\"><div class='section_inner_margin clearfix'><div class=\"wpb_column vc_column_container vc_col-sm-12\"><div class=\"vc_column-inner\"><div class=\"wpb_wrapper\"><div id=\"tobb\"  data-q_id=\"#tobb\"    class=\"vc_row wpb_row section vc_row-fluid vc_inner  tools_title_left\" style='background-color:#dc112e; text-align:left;'><div class=\" full_section_inner clearfix\"><div class=\"wpb_column vc_column_container vc_col-sm-12\"><div class=\"vc_column-inner\"><div class=\"wpb_wrapper\">\n\t<div class=\"wpb_text_column wpb_content_element  vc_custom_1649238454228\">\n\t\t<div class=\"wpb_wrapper\">\n\t\t\t<h3 style=\"text-align: left;\"><span style=\"color: #ededed;\"><strong>M\u00e9g t\u00f6bb a digit\u00e1lis t\u00f6rt\u00e9netmes\u00e9l\u00e9sr\u0151l<\/strong><\/span><\/h3>\n\n\t\t<\/div> \n\t<\/div> <\/div><\/div><\/div><\/div><\/div><div      class=\"vc_row wpb_row section vc_row-fluid vc_inner  vc_custom_1531587732597\" style='background-color:#ededed; text-align:left;'><div class=\" full_section_inner clearfix\"><div class=\"wpb_column vc_column_container vc_col-sm-6\"><div class=\"vc_column-inner\"><div class=\"wpb_wrapper\">\n\t<div class=\"wpb_text_column wpb_content_element  digitort_plain_text\">\n\t\t<div class=\"wpb_wrapper\">\n\t\t\t<ul>\n<li><a title=\"Center for Digital Storytelling\" href=\"http:\/\/www.storycenter.org\/\">Center for Digital Storytelling<\/a><\/li>\n<\/ul>\n<ul>\n<li><a title=\"DeTales \u2013 Digital Education Through Adult Learners EU-Enlargement Stories\" href=\"http:\/\/www.detales.net\/\">DeTales \u2013 Digital Education Through Adult Learners EU-Enlargement Stories<\/a><\/li>\n<\/ul>\n<ul>\n<li><a title=\"Breaking Barriers Community Arts, Llanhilleth Institute\" href=\"http:\/\/www.breakingbarriers.org.uk\/\">Breaking Barriers Community Arts, Llanhilleth Institute<\/a><\/li>\n<\/ul>\n<ul>\n<li><a title=\"BBC Wales, Digital Stories\" href=\"http:\/\/www.bbc.co.uk\/wales\/audiovideo\/sites\/galleries\/pages\/digitalstorytelling.shtml\">BBC Wales, Digital Stories<\/a><\/li>\n<\/ul>\n<ul>\n<li><a title=\"History Pin\" href=\"http:\/\/www.historypin.com\/\">History Pin<\/a><\/li>\n<\/ul>\n<ul>\n<li><a title=\"Cowbird \u2013 A witness for life\" href=\"http:\/\/cowbird.com\/\">Cowbird \u2013 A witness for life<\/a><\/li>\n<\/ul>\n<ul>\n<li><a title=\"Patient Voices\" href=\"http:\/\/www.patientvoices.org.uk\/\">Patient Voices<\/a><\/li>\n<\/ul>\n<ul>\n<li><a title=\"Digistories\" href=\"http:\/\/digistories.co.uk\/\">Digistories<\/a><\/li>\n<\/ul>\n\n\t\t<\/div> \n\t<\/div> <\/div><\/div><\/div><div class=\"wpb_column vc_column_container vc_col-sm-6\"><div class=\"vc_column-inner\"><div class=\"wpb_wrapper\">\n\t<div class=\"wpb_text_column wpb_content_element  digitort_plain_text\">\n\t\t<div class=\"wpb_wrapper\">\n\t\t\t<ul>\n<li><a title=\"Story Works\" href=\"http:\/\/storyworksglam.co.uk\/\">Story Works<\/a><\/li>\n<li><a title=\"Stories for Change\" href=\"http:\/\/storiesforchange.net\/\">Stories for Change<\/a><\/li>\n<\/ul>\n<ul>\n<li><a href=\"http:\/\/historiana.eu\/\">Historiana<\/a><\/li>\n<\/ul>\n<ul>\n<li><a href=\"http:\/\/www.memoro.org\/index.php\">MemOro \u2013 The Bank of Memories<\/a><\/li>\n<\/ul>\n<ul>\n<li><a href=\"http:\/\/net.educause.edu\/ir\/library\/pdf\/eli08167b.pdf\">Digital Storytelling: Tips and Resouces<\/a><\/li>\n<\/ul>\n<ul>\n<li><a href=\"http:\/\/digstocymru.ning.com\/\">DS6 Fesztiv\u00e1l<\/a>, 2011<\/li>\n<\/ul>\n<ul>\n<li><a href=\"http:\/\/project.unimarconi.it\/rights\/index.php\/no\/2-uncategorised\/21-ds7\">DS7 Fesztiv\u00e1l<\/a>, 2012<\/li>\n<\/ul>\n\n\t\t<\/div> \n\t<\/div> <\/div><\/div><\/div><\/div><\/div><\/div><\/div><\/div><\/div><\/div><\/div>\n","protected":false},"excerpt":{"rendered":"Tools A digit\u00e1lis t\u00f6rt\u00e9netmes\u00e9l\u00e9s t\u00f6rt\u00e9nete Mire haszn\u00e1lhat\u00f3? Szolg\u00e1ltat\u00e1saink M\u00e9g t\u00f6bb a digit\u00e1lis t\u00f6rt\u00e9netmes\u00e9l\u00e9sr\u0151l A digit\u00e1lis t\u00f6rt\u00e9netmes\u00e9l\u00e9s t\u00f6rt\u00e9nete Az 1970-es, 80-as \u00e9vekben az Egyes\u00fclt \u00c1llamokban sz\u00e1mos olyan, f\u0151k\u00e9nt m\u0171v\u00e9szeti k\u00eds\u00e9rletez\u00e9s zajlott,...","protected":false},"author":1,"featured_media":0,"parent":0,"menu_order":0,"comment_status":"closed","ping_status":"closed","template":"full_width.php","meta":{"footnotes":""},"class_list":["post-1154","page","type-page","status-publish","hentry"],"_links":{"self":[{"href":"https:\/\/storycenter.info\/en\/wp-json\/wp\/v2\/pages\/1154","targetHints":{"allow":["GET"]}}],"collection":[{"href":"https:\/\/storycenter.info\/en\/wp-json\/wp\/v2\/pages"}],"about":[{"href":"https:\/\/storycenter.info\/en\/wp-json\/wp\/v2\/types\/page"}],"author":[{"embeddable":true,"href":"https:\/\/storycenter.info\/en\/wp-json\/wp\/v2\/users\/1"}],"replies":[{"embeddable":true,"href":"https:\/\/storycenter.info\/en\/wp-json\/wp\/v2\/comments?post=1154"}],"version-history":[{"count":36,"href":"https:\/\/storycenter.info\/en\/wp-json\/wp\/v2\/pages\/1154\/revisions"}],"predecessor-version":[{"id":1284,"href":"https:\/\/storycenter.info\/en\/wp-json\/wp\/v2\/pages\/1154\/revisions\/1284"}],"wp:attachment":[{"href":"https:\/\/storycenter.info\/en\/wp-json\/wp\/v2\/media?parent=1154"}],"curies":[{"name":"wp","href":"https:\/\/api.w.org\/{rel}","templated":true}]}}